{"id":771,"date":"2017-08-17T16:52:45","date_gmt":"2017-08-17T14:52:45","guid":{"rendered":"https:\/\/theaterforinclusion.com\/?page_id=771"},"modified":"2022-02-21T17:10:52","modified_gmt":"2022-02-21T15:10:52","slug":"2015-ready-for-change","status":"publish","type":"page","link":"https:\/\/theaterforinclusion.org\/es\/2015-ready-for-change\/","title":{"rendered":"2015 Ready for change"},"content":{"rendered":"<h1 dir=\"ltr\" style=\"text-align: center;\"><b><span style=\"color: #9900ff; font-size: large;\">PREPARAD@S PARA EL CAMBIO\u00a0<\/span><\/b><\/h1>\n<h1 dir=\"ltr\" style=\"text-align: center;\"><b><span style=\"color: #9900ff; font-size: large;\">\/\/ BEREIT F\u00dcR DER VER\u00c4NDERUNG \/\/<\/span><\/b><\/h1>\n<h1 dir=\"ltr\" style=\"text-align: center;\"><b><span style=\"color: #9900ff; font-size: large;\">\/\/ READY FOR CHANGE \/\/ <\/span><\/b><\/h1>\n<p dir=\"ltr\" style=\"text-align: center;\"><span style=\"font-size: large;\">Mi\u00e9rcoles 09. de Diciembre a las 20:30h. KulturZentrum Amerlinghaus. 1070. Viena.<br \/>\n<\/span><\/p>\n<p>A lo largo de nuestra vidas se producen cambios. Algunos son procesos naturales, otros nos llegan de forma inesperada, son bruscos o no deseados,&#8230; pero tambi\u00e9n podemos generar el cambio desde nosotr@s mismos.<\/p>\n<p><img loading=\"lazy\" decoding=\"async\" class=\"wp-image-772 aligncenter\" src=\"https:\/\/theaterforinclusion.org\/wp-content\/uploads\/2017\/08\/IMG_7067-e1502981528147.jpg\" alt=\"\" width=\"843\" height=\"499\" title=\"\" srcset=\"https:\/\/theaterforinclusion.org\/wp-content\/uploads\/2017\/08\/IMG_7067-e1502981528147.jpg 3596w, https:\/\/theaterforinclusion.org\/wp-content\/uploads\/2017\/08\/IMG_7067-e1502981528147-300x178.jpg 300w, https:\/\/theaterforinclusion.org\/wp-content\/uploads\/2017\/08\/IMG_7067-e1502981528147-768x454.jpg 768w, https:\/\/theaterforinclusion.org\/wp-content\/uploads\/2017\/08\/IMG_7067-e1502981528147-1024x606.jpg 1024w, https:\/\/theaterforinclusion.org\/wp-content\/uploads\/2017\/08\/IMG_7067-e1502981528147-200x118.jpg 200w, https:\/\/theaterforinclusion.org\/wp-content\/uploads\/2017\/08\/IMG_7067-e1502981528147-400x237.jpg 400w, https:\/\/theaterforinclusion.org\/wp-content\/uploads\/2017\/08\/IMG_7067-e1502981528147-600x355.jpg 600w, https:\/\/theaterforinclusion.org\/wp-content\/uploads\/2017\/08\/IMG_7067-e1502981528147-800x473.jpg 800w, https:\/\/theaterforinclusion.org\/wp-content\/uploads\/2017\/08\/IMG_7067-e1502981528147-1200x710.jpg 1200w\" sizes=\"(max-width: 843px) 100vw, 843px\" \/><\/p>\n<p>El grupo de teatro IMPRODUCTIVOS Nos preguntamos:<\/p>\n<p style=\"text-align: center;\">\u00bfes necesario cambiar para adaptarse?<\/p>\n<p style=\"text-align: center;\">\u00bfqu\u00e9 quieres o puedes cambiar?<\/p>\n<p style=\"text-align: center;\">\u00bfa d\u00f3nde me lleva el cambio?<\/p>\n<p style=\"text-align: center;\">\u00bfqu\u00e9 pasa si no cambio?<\/p>\n<p>&nbsp;<\/p>\n<p>Desde&#8230;. Relatos personales de cambio,<\/p>\n<p>queremos&#8230; explorar a trav\u00e9s del juego y t\u00e9cnicas teatrales,<\/p>\n<p>y crear juntos&#8230;\u00a0 una obra.<\/p>\n<p>&nbsp;<\/p>\n<p>Te invitamos a compartir el proceso de investigaci\u00f3n y creaci\u00f3n colectiva, una experiencia personal de descubrimiento y cooperaci\u00f3n, donde los espectadores tambi\u00e9n son parte de esta creaci\u00f3n \u00fanica.<\/p>\n<p><a href=\"https:\/\/www.facebook.com\/media\/set\/?set=a.1001065646635504&amp;type=1&amp;l=200cd59868\" target=\"_blank\" rel=\"noopener\">VER FOTOS DE LA OBRA IMPRODUCTIVA<\/a><\/p>\n","protected":false},"excerpt":{"rendered":"<p>PREPARAD@S PARA EL CAMBIO\u00a0 \/\/ BEREIT F\u00dcR DER VER\u00c4NDERUNG \/\/ \/\/ READY FOR CHANGE \/\/ Mi\u00e9rcoles 09. de Diciembre a las 20:30h. KulturZentrum Amerlinghaus. 1070. Viena. A lo largo de [&hellip;]<\/p>\n","protected":false},"author":2,"featured_media":0,"parent":0,"menu_order":0,"comment_status":"closed","ping_status":"closed","template":"","meta":{"_et_pb_use_builder":"","_et_pb_old_content":"","_et_gb_content_width":"","footnotes":""},"class_list":["post-771","page","type-page","status-publish","hentry"],"_links":{"self":[{"href":"https:\/\/theaterforinclusion.org\/es\/wp-json\/wp\/v2\/pages\/771","targetHints":{"allow":["GET"]}}],"collection":[{"href":"https:\/\/theaterforinclusion.org\/es\/wp-json\/wp\/v2\/pages"}],"about":[{"href":"https:\/\/theaterforinclusion.org\/es\/wp-json\/wp\/v2\/types\/page"}],"author":[{"embeddable":true,"href":"https:\/\/theaterforinclusion.org\/es\/wp-json\/wp\/v2\/users\/2"}],"replies":[{"embeddable":true,"href":"https:\/\/theaterforinclusion.org\/es\/wp-json\/wp\/v2\/comments?post=771"}],"version-history":[{"count":1,"href":"https:\/\/theaterforinclusion.org\/es\/wp-json\/wp\/v2\/pages\/771\/revisions"}],"predecessor-version":[{"id":1336,"href":"https:\/\/theaterforinclusion.org\/es\/wp-json\/wp\/v2\/pages\/771\/revisions\/1336"}],"wp:attachment":[{"href":"https:\/\/theaterforinclusion.org\/es\/wp-json\/wp\/v2\/media?parent=771"}],"curies":[{"name":"wp","href":"https:\/\/api.w.org\/{rel}","templated":true}]}}