{"id":565,"date":"2016-04-05T17:51:57","date_gmt":"2016-04-05T15:51:57","guid":{"rendered":"https:\/\/theaterforinclusion.com\/community-theater-copy\/"},"modified":"2020-01-13T14:22:27","modified_gmt":"2020-01-13T12:22:27","slug":"community-theater-sp","status":"publish","type":"page","link":"https:\/\/theaterforinclusion.org\/es\/community-theater-sp\/","title":{"rendered":"Community Theater ES"},"content":{"rendered":"<p>[fullwidth background_color=\u00bb\u00bb background_image=\u00bb\u00bb background_parallax=\u00bbnone\u00bb enable_mobile=\u00bbno\u00bb parallax_speed=\u00bb0.3&#8243; background_repeat=\u00bbno-repeat\u00bb background_position=\u00bbleft top\u00bb video_url=\u00bb\u00bb video_aspect_ratio=\u00bb16:9&#8243; video_webm=\u00bb\u00bb video_mp4=\u00bb\u00bb video_ogv=\u00bb\u00bb video_preview_image=\u00bb\u00bb overlay_color=\u00bb\u00bb overlay_opacity=\u00bb0.5&#8243; video_mute=\u00bbyes\u00bb video_loop=\u00bbyes\u00bb fade=\u00bbno\u00bb border_size=\u00bb0px\u00bb border_color=\u00bb\u00bb border_style=\u00bb\u00bb padding_top=\u00bb20&#8243; padding_bottom=\u00bb20&#8243; padding_left=\u00bb\u00bb padding_right=\u00bb\u00bb hundred_percent=\u00bbno\u00bb equal_height_columns=\u00bbno\u00bb hide_on_mobile=\u00bbno\u00bb menu_anchor=\u00bb\u00bb class=\u00bb\u00bb id=\u00bb\u00bb][one_full last=\u00bbyes\u00bb spacing=\u00bbyes\u00bb center_content=\u00bbno\u00bb hide_on_mobile=\u00bbno\u00bb background_color=\u00bb\u00bb background_image=\u00bb\u00bb background_repeat=\u00bbno-repeat\u00bb background_position=\u00bbleft top\u00bb hover_type=\u00bbnone\u00bb link=\u00bb\u00bb border_position=\u00bball\u00bb border_size=\u00bb0px\u00bb border_color=\u00bb\u00bb border_style=\u00bb\u00bb padding=\u00bb\u00bb margin_top=\u00bb\u00bb margin_bottom=\u00bb\u00bb animation_type=\u00bb\u00bb animation_direction=\u00bb\u00bb animation_speed=\u00bb0.1&#8243; animation_offset=\u00bb\u00bb class=\u00bb\u00bb id=\u00bb\u00bb][fusion_text]<\/p>\n<h4 style=\"text-align: right;\"><a href=\"https:\/\/theaterforinclusion.org\/community-theater\">English Version<\/a><\/h4>\n<p>[\/fusion_text][fusion_text]<a name=\"sp\"><\/a><\/p>\n<h1 style=\"text-align: center;\">El juego y el teatro: nuestras herramientas para tejer comunidad\u00a0y transformar nuestro entorno<\/h1>\n<h2 style=\"text-align: center;\">\u201cO teatro sou eu. O teatro somos n\u00f3s\u201d (A.Boal)<\/h2>\n<h1><\/h1>\n<h1 style=\"text-align: center;\">POR QU\u00c9 EL TEATRO ES UNA HERRAMIENTA PARA EL CAMBIO SOCIAL<\/h1>\n<p>En general, el teatro en s\u00ed es una <strong>herramienta de transformaci\u00f3n y liberaci\u00f3n personal<\/strong>. Adem\u00e1s, en Theater for Inclusion utilizamos el teatro como herramienta para la <strong>transformaci\u00f3n y liberaci\u00f3n social<\/strong>.<\/p>\n<p><span style=\"text-decoration: underline;\">METODOLOG\u00cdA DE INTERVENCI\u00d3N<\/span><\/p>\n<p>En Theater for Inclusion apostamos por el JUEGO y el TEATRO como nuestras herramientas metodol\u00f3gicas para la transformaci\u00f3n personal y social.<\/p>\n<p>Nuestra base es la improvisaci\u00f3n teatral, ya que nos sit\u00faa dentro de un equipo: no est\u00e1s sola\/o -ecodependencia- y no puedes jugar sola\/o en improvisaci\u00f3n -interdependencia-. Gracias al juego y las reglas de la impro, <strong>formamos parte de un equipo cohesionado e interdependiente<\/strong>:\u00a0aprendemos a escuchar(nos), aceptar(nos), proponer(nos), ser generosas\/os, no juzgar\u00a0y crear juntos una historia, con una mente colectiva.<\/p>\n<p><strong>Contamos nuestra historia<\/strong>, la que nos sale desde dentro a nosotr@s, y vamos\u00a0construy\u00e9ndola poco a poco, sin gui\u00f3n previo, gracias al proceso cooperativo.<\/p>\n<p>Adem\u00e1s, Theater for Inclusion tambi\u00e9n se nutre de la metodolog\u00eda del Teatro del Oprimido, <strong>comprometi\u00e9ndonos \u00e9tica y pol\u00edticamente en nuestro entorno<\/strong>. Gracias a\u00a0los ejercicios y t\u00e9cnicas del T.O. aprendemos a visualizar nuestra realidad, reflexionar\u00a0en colectivo y generar alternativas para el cambio en nuestra comunidad\/localidad\/grupo\/ entorno.<\/p>\n<p>Nuestra actividad pedag\u00f3gica se concreta en talleres, seminarios, cursos regulares, facilitaci\u00f3n de procesos creativos, y presentaciones en formato Szeno-Forum (herramienta de investigaci\u00f3n-acci\u00f3n participativa).<\/p>\n<p>&nbsp;<\/p>\n<p><span style=\"text-decoration: underline;\">EL PROCESO DE LIBERACI\u00d3N PARTE DE UN@ MISM@: DEL YO AL NOSOTR@S<\/span><\/p>\n<p>A nivel personal, ponemos el foco en la toma de conciencia de nuestra propia vida, en el disfrute por descubrir y aprender, y en la re-conexi\u00f3n con los deseos y necesidades b\u00e1sicas, para liberarnos y permitirnos \u201c<i>SER<\/i>\u201d.<\/p>\n<p>A nivel social, la toma de conciencia pone el foco en las relaciones con otras personas de nuestro entorno, y c\u00f3mo podemos actuar para fomentar la cohesi\u00f3n social basada en la confianza y el apoyo mutuo, as\u00ed como la recuperaci\u00f3n de nuestra propia est\u00e9tica y expresi\u00f3n art\u00edstica, favoreciendo el desarrollo cultural comunitario (arte participativo).<\/p>\n<p>Compartimos nuestras historias, la historia colectiva, con la comunidad. El cambio se produce de forma directa en la escena, y gracias al di\u00e1logo e intercambio de perspectivas: la gente tiene la oportunidad de participar dentro de la escena y \u201cactuar\u201d su propia alternativa de cambio.<\/p>\n<p>Por \u00faltimo, nuestro equipo de investigaci\u00f3n recoge y documenta las experiencias, las alternativas y las dificultades expresadas por los participantes (especta-actores), y la propia obra, su dramaturgia y el foro-debate, se transforman de nuevo.<\/p>\n<p>Sigue leyendo&#8230; <a href=\"https:\/\/theaterforinclusion.org\/teatro-para-la-inclusion-social\/\">TEATRO COMUNITARIO: herramientas teatrales para la inclusi\u00f3n social<\/a>[\/fusion_text][\/one_full][\/fullwidth]<\/p>\n","protected":false},"excerpt":{"rendered":"<p>[fullwidth background_color=\u00bb\u00bb background_image=\u00bb\u00bb background_parallax=\u00bbnone\u00bb enable_mobile=\u00bbno\u00bb parallax_speed=\u00bb0.3&#8243; background_repeat=\u00bbno-repeat\u00bb background_position=\u00bbleft top\u00bb video_url=\u00bb\u00bb video_aspect_ratio=\u00bb16:9&#8243; video_webm=\u00bb\u00bb video_mp4=\u00bb\u00bb video_ogv=\u00bb\u00bb video_preview_image=\u00bb\u00bb overlay_color=\u00bb\u00bb overlay_opacity=\u00bb0.5&#8243; video_mute=\u00bbyes\u00bb video_loop=\u00bbyes\u00bb fade=\u00bbno\u00bb border_size=\u00bb0px\u00bb border_color=\u00bb\u00bb border_style=\u00bb\u00bb padding_top=\u00bb20&#8243; padding_bottom=\u00bb20&#8243; padding_left=\u00bb\u00bb padding_right=\u00bb\u00bb hundred_percent=\u00bbno\u00bb equal_height_columns=\u00bbno\u00bb hide_on_mobile=\u00bbno\u00bb [&hellip;]<\/p>\n","protected":false},"author":1,"featured_media":0,"parent":0,"menu_order":0,"comment_status":"closed","ping_status":"closed","template":"","meta":{"_et_pb_use_builder":"","_et_pb_old_content":"","_et_gb_content_width":"","footnotes":""},"class_list":["post-565","page","type-page","status-publish","hentry"],"_links":{"self":[{"href":"https:\/\/theaterforinclusion.org\/es\/wp-json\/wp\/v2\/pages\/565","targetHints":{"allow":["GET"]}}],"collection":[{"href":"https:\/\/theaterforinclusion.org\/es\/wp-json\/wp\/v2\/pages"}],"about":[{"href":"https:\/\/theaterforinclusion.org\/es\/wp-json\/wp\/v2\/types\/page"}],"author":[{"embeddable":true,"href":"https:\/\/theaterforinclusion.org\/es\/wp-json\/wp\/v2\/users\/1"}],"replies":[{"embeddable":true,"href":"https:\/\/theaterforinclusion.org\/es\/wp-json\/wp\/v2\/comments?post=565"}],"version-history":[{"count":1,"href":"https:\/\/theaterforinclusion.org\/es\/wp-json\/wp\/v2\/pages\/565\/revisions"}],"predecessor-version":[{"id":1329,"href":"https:\/\/theaterforinclusion.org\/es\/wp-json\/wp\/v2\/pages\/565\/revisions\/1329"}],"wp:attachment":[{"href":"https:\/\/theaterforinclusion.org\/es\/wp-json\/wp\/v2\/media?parent=565"}],"curies":[{"name":"wp","href":"https:\/\/api.w.org\/{rel}","templated":true}]}}