{"id":1534,"date":"2020-01-17T23:08:45","date_gmt":"2020-01-17T21:08:45","guid":{"rendered":"https:\/\/theaterforinclusion.com\/play\/"},"modified":"2022-05-05T18:15:58","modified_gmt":"2022-05-05T16:15:58","slug":"play","status":"publish","type":"page","link":"https:\/\/theaterforinclusion.org\/es\/play\/","title":{"rendered":"P.L.A.Y."},"content":{"rendered":"<p>[et_pb_section fb_built=\u00bb1&#8243; admin_label=\u00bbsection\u00bb _builder_version=\u00bb4.15&#8243; global_colors_info=\u00bb{}\u00bb][et_pb_row admin_label=\u00bbrow\u00bb _builder_version=\u00bb4.15&#8243; background_size=\u00bbinitial\u00bb background_position=\u00bbtop_left\u00bb background_repeat=\u00bbrepeat\u00bb global_colors_info=\u00bb{}\u00bb][et_pb_column type=\u00bb4_4&#8243; _builder_version=\u00bb4.15&#8243; custom_padding=\u00bb|||\u00bb global_colors_info=\u00bb{}\u00bb custom_padding__hover=\u00bb|||\u00bb][et_pb_text _builder_version=\u00bb4.15.1&#8243; _module_preset=\u00bbdefault\u00bb hover_enabled=\u00bb0&#8243; global_colors_info=\u00bb{}\u00bb sticky_enabled=\u00bb0&#8243;]<\/p>\n<div class=\"fusion-title title sep-underline sep-solid fusion-title-size-one fusion-border-below-title\">\n<h1 style=\"text-align: center;\">ASOCIACI\u00d3N P.L.A.Y<\/h1>\n<h1 style=\"text-align: center;\">PARTICIPATION _ LEARNING _ ART _ YOUTH<\/h1>\n<\/div>\n<div class=\"fusion-sep-clear\">\u00a0<\/div>\n<div class=\"fusion-separator fusion-full-width-sep sep-none\">\u00a0<\/div>\n<div>\n<h3 data-fontsize=\"32\" data-lineheight=\"40\">Asociaci\u00f3n Cultural para el fomento de una cultura inclusiva, el aprendizaje colectivo y el desarrollo cultural comunitario, local y sostenible.<\/h3>\n<p>La palabra inglesa \u201c<b>PLAY<\/b>\u201d significa -entre otras- \u201cJUEGO \/ ACTUAR \/ OBRA\u201d, conceptos b\u00e1sicos de esta asociaci\u00f3n cultural:<\/p>\n<p>\u2013 El\u00a0<b>JUEGO<\/b>\u00a0y el disfrute como base para aprender y conectarnos (a nivel personal y social)<\/p>\n<p>\u2013 El\u00a0<b>TEATRO<\/b>\u00a0como herramienta para la cohesi\u00f3n social y el desarrollo cultural comunitario.<\/p>\n<p>\u2013 Con el fin de\u00a0<b>ACTUAR<\/b>\u00a0en nuestro entorno: Tomar conciencia del papel que jugamos en nuestra propia vida, y del poder que tenemos como actores para decidir qu\u00e9 queremos hacer y c\u00f3mo.<\/p>\n<\/div>\n<p>[\/et_pb_text][\/et_pb_column][\/et_pb_row][et_pb_row column_structure=\u00bb3_5,2_5&#8243; _builder_version=\u00bb4.15.1&#8243; _module_preset=\u00bbdefault\u00bb global_colors_info=\u00bb{}\u00bb][et_pb_column type=\u00bb3_5&#8243; _builder_version=\u00bb4.15.1&#8243; _module_preset=\u00bbdefault\u00bb global_colors_info=\u00bb{}\u00bb][et_pb_image src=\u00bbhttps:\/\/theaterforinclusion.org\/wp-content\/uploads\/2018\/01\/IMG-20170902-WA0011.jpg\u00bb title_text=\u00bbIMG-20170902-WA0011&#8243; _builder_version=\u00bb4.15.1&#8243; _module_preset=\u00bbdefault\u00bb global_colors_info=\u00bb{}\u00bb][\/et_pb_image][\/et_pb_column][et_pb_column type=\u00bb2_5&#8243; _builder_version=\u00bb4.15.1&#8243; _module_preset=\u00bbdefault\u00bb global_colors_info=\u00bb{}\u00bb][et_pb_image src=\u00bbhttps:\/\/theaterforinclusion.org\/wp-content\/uploads\/2018\/09\/1390731.jpg\u00bb title_text=\u00bb_1390731&#8243; _builder_version=\u00bb4.15.1&#8243; _module_preset=\u00bbdefault\u00bb global_colors_info=\u00bb{}\u00bb][\/et_pb_image][\/et_pb_column][\/et_pb_row][et_pb_row _builder_version=\u00bb4.15.1&#8243; _module_preset=\u00bbdefault\u00bb global_colors_info=\u00bb{}\u00bb][et_pb_column type=\u00bb4_4&#8243; _builder_version=\u00bb4.15.1&#8243; _module_preset=\u00bbdefault\u00bb global_colors_info=\u00bb{}\u00bb][et_pb_text _builder_version=\u00bb4.15.1&#8243; _module_preset=\u00bbdefault\u00bb global_colors_info=\u00bb{}\u00bb]<\/p>\n<p>Ser y sentirse parte de una ciudadan\u00eda, de una comunidad, implica<strong>\u00a0tener oportunidades\u00a0<\/strong>para acceder y participar en los espacios comunitarios. Es importante tomar conciencia de las barreras \u201cde cristal\u201d que todas las personas podemos sentir. Si queremos<strong>\u00a0facilitar la inclusi\u00f3n<\/strong>\u00a0de todas las personas, es necesario visualizar las barreras y responsabilizarnos de su propia transformaci\u00f3n.<\/p>\n<p>[\/et_pb_text][\/et_pb_column][\/et_pb_row][et_pb_row column_structure=\u00bb1_2,1_2&#8243; _builder_version=\u00bb4.15.1&#8243; _module_preset=\u00bbdefault\u00bb global_colors_info=\u00bb{}\u00bb][et_pb_column type=\u00bb1_2&#8243; _builder_version=\u00bb4.15.1&#8243; _module_preset=\u00bbdefault\u00bb global_colors_info=\u00bb{}\u00bb][et_pb_text _builder_version=\u00bb4.15.1&#8243; _module_preset=\u00bbdefault\u00bb global_colors_info=\u00bb{}\u00bb]<\/p>\n<div class=\"fusion-title title sep-underline sep-solid fusion-title-size-one fusion-border-below-title\">\n<h3 data-fontsize=\"32\" data-lineheight=\"40\">PARTICIPATION<\/h3>\n<\/div>\n<div>\n<h3 data-fontsize=\"32\" data-lineheight=\"40\">\u00abTodas las aportaciones son v\u00e1lidas y necesarias para el grupo\u201d<\/h3>\n<div>P.L.A.Y. facilita procesos de grupo, desde una perspectiva inclusiva y cooperativa, con especial atenci\u00f3n al multiling\u00fcismo: visualizar barreras comunicativas para el acceso, la participaci\u00f3n y el aprendizaje, y buscar\/crear recursos para la comunicaci\u00f3n.<\/div>\n<\/div>\n<p>[\/et_pb_text][\/et_pb_column][et_pb_column type=\u00bb1_2&#8243; _builder_version=\u00bb4.15.1&#8243; _module_preset=\u00bbdefault\u00bb global_colors_info=\u00bb{}\u00bb][et_pb_text _builder_version=\u00bb4.15.1&#8243; _module_preset=\u00bbdefault\u00bb global_colors_info=\u00bb{}\u00bb]<\/p>\n<div class=\"fusion-title title sep-underline sep-solid fusion-title-size-one fusion-border-below-title\">\n<h3 data-fontsize=\"32\" data-lineheight=\"40\">LEARNING<\/h3>\n<\/div>\n<h3 data-fontsize=\"32\" data-lineheight=\"40\">\u00abTodas las personas saben algo, nadie sabe todo\u201d<\/h3>\n<div>P.L.A.Y fomenta el aprendizaje colectivo e intergeneracional.<br \/>Y promueve el di\u00e1logo y la reflexi\u00f3n sobre los diferentes paradigmas educativos.<\/div>\n<p>[\/et_pb_text][\/et_pb_column][\/et_pb_row][et_pb_row column_structure=\u00bb1_2,1_2&#8243; _builder_version=\u00bb4.15.1&#8243; _module_preset=\u00bbdefault\u00bb global_colors_info=\u00bb{}\u00bb][et_pb_column type=\u00bb1_2&#8243; _builder_version=\u00bb4.15.1&#8243; _module_preset=\u00bbdefault\u00bb global_colors_info=\u00bb{}\u00bb][et_pb_text _builder_version=\u00bb4.15.1&#8243; _module_preset=\u00bbdefault\u00bb global_colors_info=\u00bb{}\u00bb]<\/p>\n<div class=\"fusion-title title sep-underline sep-solid fusion-title-size-one fusion-border-below-title\">\n<h3 data-fontsize=\"32\" data-lineheight=\"40\">ART<\/h3>\n<\/div>\n<h3 data-fontsize=\"32\" data-lineheight=\"40\">\u201cLa expresi\u00f3n art\u00edstica es una necesidad, el desarrollo cultural comunitario es un derecho\u201d<\/h3>\n<div>P.L.A.Y. promueve el arte comunitario participativo, en todas sus expresiones posibles: esc\u00e9nicas, pl\u00e1sticas, visuales, musicales\u2026 Facilita procesos creativos personales y grupales.<\/div>\n<p>[\/et_pb_text][\/et_pb_column][et_pb_column type=\u00bb1_2&#8243; _builder_version=\u00bb4.15.1&#8243; _module_preset=\u00bbdefault\u00bb global_colors_info=\u00bb{}\u00bb][et_pb_text _builder_version=\u00bb4.15.1&#8243; _module_preset=\u00bbdefault\u00bb global_colors_info=\u00bb{}\u00bb]<\/p>\n<div class=\"fusion-title title sep-underline sep-solid fusion-title-size-one fusion-border-below-title\">\n<h3 data-fontsize=\"32\" data-lineheight=\"40\">YOUTH<\/h3>\n<\/div>\n<h3 data-fontsize=\"32\" data-lineheight=\"40\">\u201cCrear oportunidades es el primer paso para el desarrollo\u201d<\/h3>\n<div>P.L.A.Y. pretende desarrollar, en colaboraci\u00f3n con instituciones locales, programas internacionales de intercambio: programa Youth in Action y EVS -voluntariado europeo (Erasmus+).<\/div>\n<p>[\/et_pb_text][\/et_pb_column][\/et_pb_row][\/et_pb_section]<\/p>\n","protected":false},"excerpt":{"rendered":"<p>ASOCIACI\u00d3N P.L.A.Y PARTICIPATION _ LEARNING _ ART _ YOUTH \u00a0 \u00a0 Asociaci\u00f3n Cultural para el fomento de una cultura inclusiva, el aprendizaje colectivo y el desarrollo cultural comunitario, local y [&hellip;]<\/p>\n","protected":false},"author":2,"featured_media":0,"parent":0,"menu_order":0,"comment_status":"closed","ping_status":"closed","template":"","meta":{"_et_pb_use_builder":"on","_et_pb_old_content":"","_et_gb_content_width":"","footnotes":""},"class_list":["post-1534","page","type-page","status-publish","hentry"],"_links":{"self":[{"href":"https:\/\/theaterforinclusion.org\/es\/wp-json\/wp\/v2\/pages\/1534","targetHints":{"allow":["GET"]}}],"collection":[{"href":"https:\/\/theaterforinclusion.org\/es\/wp-json\/wp\/v2\/pages"}],"about":[{"href":"https:\/\/theaterforinclusion.org\/es\/wp-json\/wp\/v2\/types\/page"}],"author":[{"embeddable":true,"href":"https:\/\/theaterforinclusion.org\/es\/wp-json\/wp\/v2\/users\/2"}],"replies":[{"embeddable":true,"href":"https:\/\/theaterforinclusion.org\/es\/wp-json\/wp\/v2\/comments?post=1534"}],"version-history":[{"count":1,"href":"https:\/\/theaterforinclusion.org\/es\/wp-json\/wp\/v2\/pages\/1534\/revisions"}],"predecessor-version":[{"id":1536,"href":"https:\/\/theaterforinclusion.org\/es\/wp-json\/wp\/v2\/pages\/1534\/revisions\/1536"}],"wp:attachment":[{"href":"https:\/\/theaterforinclusion.org\/es\/wp-json\/wp\/v2\/media?parent=1534"}],"curies":[{"name":"wp","href":"https:\/\/api.w.org\/{rel}","templated":true}]}}