{"id":1515,"date":"2017-08-16T22:45:45","date_gmt":"2017-08-16T20:45:45","guid":{"rendered":"https:\/\/theaterforinclusion.com\/2016-excluded-voices\/"},"modified":"2022-05-05T17:53:16","modified_gmt":"2022-05-05T15:53:16","slug":"2016-excluded-voices","status":"publish","type":"page","link":"https:\/\/theaterforinclusion.org\/es\/2016-excluded-voices\/","title":{"rendered":"2016 Excluded Voices"},"content":{"rendered":"<div class=\"post-content\">\n<div class=\"fusion-one-full fusion-layout-column fusion-column-last fusion-spacing-yes\">\n<div class=\"fusion-column-wrapper\">\n<h1 style=\"text-align: center;\" data-fontsize=\"50\" data-lineheight=\"58\"><b>Excluded Voices \/\/ Voces excluidas \/\/<\/b><\/h1>\n<h1 style=\"text-align: center;\" data-fontsize=\"50\" data-lineheight=\"58\"><b>Ausgeschlossene Stimmen<\/b><\/h1>\n<ol>\n<li>\n<h4 data-fontsize=\"28\" data-lineheight=\"36\">El proceso de Creaci\u00f3n Colectiva<\/h4>\n<\/li>\n<\/ol>\n<p>El grupo de teatro comunitario IMPRODUCTIVOS (Viena, Austria) participamos en 2016 en un proceso de creaci\u00f3n colectiva de 5 meses. Investigamos y cramos una pieza de teatro sobre los procesos de inclusi\u00f3n y exclusi\u00f3n social. Trabajamos semanalmente en torno a nuestras preguntas, usando el teatro como una herramienta para nuestros descubrimientos personales y la investigaci\u00f3n colectiva.<\/p>\n<p>A partir de entrevistas abiertas a 8 personas diferentes, exploramos 16 historias reales sobre exclusi\u00f3n e inclusi\u00f3n social. Paso a paso fuimos creando las tres escenas y las transiciones esc\u00e9nicas a partir de los comunes sociales que encontramos.\u00a0 Las \u00abVoces Excluidas\u00bb es la historia de cualquiera de nosotr@s.<\/p>\n<p><img loading=\"lazy\" decoding=\"async\" class=\"wp-image-695 aligncenter\" src=\"https:\/\/theaterforinclusion.org\/wp-content\/uploads\/2017\/05\/szeno1.jpg\" sizes=\"(max-width: 812px) 100vw, 812px\" srcset=\"https:\/\/theaterforinclusion.org\/wp-content\/uploads\/2017\/05\/szeno1-200x111.jpg 200w, https:\/\/theaterforinclusion.org\/wp-content\/uploads\/2017\/05\/szeno1-300x166.jpg 300w, https:\/\/theaterforinclusion.org\/wp-content\/uploads\/2017\/05\/szeno1-400x221.jpg 400w, https:\/\/theaterforinclusion.org\/wp-content\/uploads\/2017\/05\/szeno1-600x332.jpg 600w, https:\/\/theaterforinclusion.org\/wp-content\/uploads\/2017\/05\/szeno1-768x425.jpg 768w, https:\/\/theaterforinclusion.org\/wp-content\/uploads\/2017\/05\/szeno1-800x442.jpg 800w, https:\/\/theaterforinclusion.org\/wp-content\/uploads\/2017\/05\/szeno1.jpg 1000w\" alt=\"\" width=\"812\" height=\"449\" title=\"\"><\/p>\n<div class=\"fusion-sep-clear\"><\/div>\n<div class=\"fusion-separator fusion-full-width-sep sep-none\"><\/div>\n<h4 data-fontsize=\"28\" data-lineheight=\"36\">2. The Szeno-Forum.<\/h4>\n<p>Szeno-Forum es una herramienta que desarrollamos las personas de la Asociaci\u00f3n ART KO L\u00c8 desde 2013. Es nuestra herramienta para los procesos de investigaci\u00f3n-acci\u00f3n. Es un di\u00e1logo abierto (el foro) que comienza con una presentaci\u00f3n esc\u00e9nica (teatro, cine, actuaci\u00f3n corporal, juegos\u2026 ) para presentar<em>\u00a0la Pregunta<\/em>. El foro es moderado y documentado para nuestra siguiente fase: el proceso de reflexi\u00f3n (an\u00e1lisis de los datos recogidos y s\u00edntesis de las propuestas\/alternativas del p\u00fablico).<\/p>\n<p>Nuestro primer proceso de investigaci\u00f3n-acci\u00f3n es \u00abSzeno-Forum: mit Hand und Fuss ins kollektives Lernen\u00bb \/\/ \u00aben Cuerpo y Alma en el aprendizaje colectivo\u00bb \/\/ \u00abputting heart and soul in collective learning\u00bb (Viena 2013-2015)<\/p>\n<p>En este caso, en Junio de 2016 el grupo IMPRODUCTIVOS, creamos el espacio para un di\u00e1logo est\u00e9tico entre la escena y el p\u00fablico (similar al Teatro Foro de A.Boal), presentamos una experiencia personal de descubrimiento y de compromiso est\u00e9tico, en el cual los expectadores pod\u00edan participar en el escenario.<\/p>\n<p style=\"text-align: center;\"><img loading=\"lazy\" decoding=\"async\" class=\"alignnone size-full wp-image-740\" src=\"https:\/\/theaterforinclusion.org\/wp-content\/uploads\/2017\/08\/IMG-20170521-WA0001.jpg\" sizes=\"(max-width: 1600px) 100vw, 1600px\" srcset=\"https:\/\/theaterforinclusion.org\/wp-content\/uploads\/2017\/08\/IMG-20170521-WA0001-200x82.jpg 200w, https:\/\/theaterforinclusion.org\/wp-content\/uploads\/2017\/08\/IMG-20170521-WA0001-300x122.jpg 300w, https:\/\/theaterforinclusion.org\/wp-content\/uploads\/2017\/08\/IMG-20170521-WA0001-400x163.jpg 400w, https:\/\/theaterforinclusion.org\/wp-content\/uploads\/2017\/08\/IMG-20170521-WA0001-600x245.jpg 600w, https:\/\/theaterforinclusion.org\/wp-content\/uploads\/2017\/08\/IMG-20170521-WA0001-669x272.jpg 669w, https:\/\/theaterforinclusion.org\/wp-content\/uploads\/2017\/08\/IMG-20170521-WA0001-768x313.jpg 768w, https:\/\/theaterforinclusion.org\/wp-content\/uploads\/2017\/08\/IMG-20170521-WA0001-800x327.jpg 800w, https:\/\/theaterforinclusion.org\/wp-content\/uploads\/2017\/08\/IMG-20170521-WA0001-1024x418.jpg 1024w, https:\/\/theaterforinclusion.org\/wp-content\/uploads\/2017\/08\/IMG-20170521-WA0001-1200x490.jpg 1200w, https:\/\/theaterforinclusion.org\/wp-content\/uploads\/2017\/08\/IMG-20170521-WA0001.jpg 1600w\" alt=\"\" width=\"1600\" height=\"653\" title=\"\"><\/p>\n<p style=\"text-align: center;\">Presentamos una actuaci\u00f3n abierta sobre diversidad y convivencia, un proceso colectivo que parte del cuerpo y est\u00e1 en constante movimiento, una oportunidad para actuar en nuestra realidad.<\/p>\n<p style=\"text-align: center;\">\u00bfRealmente hay personas \u201csin voz\u201d o es que no interesa escucharlas?<\/p>\n<p style=\"text-align: center;\">\u00bfD\u00f3nde est\u00e1n las barreras que dificultan acceder y participar de la vida comunitaria?<\/p>\n<p style=\"text-align: center;\">\u00bfLas barreras son visibles para tod@s?<\/p>\n<p style=\"text-align: center;\">\u00bfPor qu\u00e9 interesa silenciar los espacios de participaci\u00f3n ciudadana y de desarrollo cultural comunitario?<\/p>\n<div class=\"fusion-clearfix\"><\/div>\n<\/div>\n<\/div>\n<div class=\"fusion-clearfix\"><\/div>\n<div class=\"fusion-two-fifth fusion-layout-column fusion-spacing-yes\">\n<div class=\"fusion-column-wrapper\">\n<p><span class=\"fusion-imageframe imageframe-none imageframe-1 hover-type-none\"><span class=\"fusion-imageframe imageframe-none imageframe-1 hover-type-none\"> <img loading=\"lazy\" decoding=\"async\" class=\"img-responsive alignnone\" src=\"https:\/\/theaterforinclusion.org\/wp-content\/uploads\/2017\/05\/szeno2.jpg\" alt=\"\" width=\"362\" height=\"550\" title=\"\"><span class=\"fusion-imageframe imageframe-none imageframe-2 hover-type-none\"><img loading=\"lazy\" decoding=\"async\" class=\"img-responsive alignright\" src=\"https:\/\/theaterforinclusion.org\/wp-content\/uploads\/2017\/05\/szeno3.jpg\" alt=\"\" width=\"590\" height=\"381\" title=\"\"><\/span><\/span><\/span><\/p>\n<div class=\"fusion-clearfix\"><\/div>\n<\/div>\n<\/div>\n<p><strong>3. El proceso de reflexi\u00f3n.<\/strong><\/p>\n<p>La diversidad es una caracter\u00edstica de la Naturaleza. Los seres humanos somos ecodependientes e interdependientes. Como seres sociales necesitamos sentirnos incluidos. \u00bfes posible conseguirlo en este sistema social en el que vivimos? \u00bfcu\u00e1l es el valor que tengo para la sociedad? \u00bfqu\u00e9 es necesario para que una persona se sienta incluida? \u00bfc\u00f3mo visualizamos las barreras que nos impiden participar en la vida social? \u00bfD\u00f3nde situamos las responsabilidades?<\/p>\n<p>Todas las personas tenemos una historia que contar. En esta historia, todas somos protagonistas. Somos protagonistas en nuestra vida y actores secundarios en las vidas de los dem\u00e1s.<\/p>\n<p>Dentro del proyecto \u00abWalking towards social inclusion\u00bb, Junio es el mes dedicado a los \u00abrecursos colectivos\u00bb y las alternativas para la convivencia.<\/p>\n<div class=\"fusion-sep-clear\"><\/div>\n<p class=\"p13\">\n<\/div>\n<table style=\"width: 100%;\">\n<tbody>\n<tr style=\"height: 23px;\">\n<td style=\"width: 50%;\">\n<p class=\"p4\"><span class=\"s2\"><strong>ACCIONES 2016-2018:<br \/>\n<\/strong><\/span><\/p>\n<p class=\"p11\"><span class=\"s5\"><strong>23.Junio.2016.<\/strong>\u00a0Vienna.- KulturZentrum Amerlinghaus. 1070.\u00a0\u00a0<a href=\"https:\/\/www.facebook.com\/pg\/ImprospanolVienaInclusion\/photos\/?tab=album&amp;album_id=1164541793621221\" target=\"_blank\" rel=\"noopener\">FOTOS<\/a><\/span><\/p>\n<p class=\"p4\"><span class=\"s2\"><strong>2.Septiembre.2016.<\/strong>\u00a0Vienna.- Verein M.U.T. 1050.\u00a0\u00a0<a href=\"https:\/\/www.facebook.com\/pg\/Artkole.Verein.Wien\/videos\/\" target=\"_blank\" rel=\"noopener\">VIDEO<\/a><\/span><\/p>\n<p class=\"p4\"><span class=\"s2\"><strong>11.Marzo.2017.\u00a0<\/strong>Torrelodones. (Madrid)- Cooperativa CEADI-Centro de apoyo al desarrollo infantil.\u00a0\u00a0<a href=\"https:\/\/www.facebook.com\/pg\/ImprospanolVienaInclusion\/photos\/?tab=album&amp;album_id=1456329197775811\" target=\"_blank\" rel=\"noopener\">FOTOS<\/a>\u00a0\/\/\u00a0<\/span><span class=\"s5\"><a href=\"https:\/\/vimeo.com\/210771474\" target=\"_blank\" rel=\"noopener\">VIDEO<\/a><\/span><\/p>\n<p class=\"p12\"><strong>21. Mayo.2017.\u00a0<\/strong>Lavapi\u00e9s (Madrid)- Festival TOMA TEATRO.\u00a0<a href=\"https:\/\/www.facebook.com\/pg\/socialtourforinclusion\/photos\/?tab=album&amp;album_id=1682436452062671\" target=\"_blank\" rel=\"noopener\">FOTOS<\/a><\/p>\n<p class=\"p12\"><span class=\"s2\"><strong>2.Septiembre.2017.<\/strong>\u00a0Vienna.- Szeno-Forum am Markt!\u00a0\u00a0<a href=\"https:\/\/www.flickr.com\/photos\/156051666@N06\/albums\/72157661548936148\" target=\"_blank\" rel=\"noopener\">FOTOS<\/a><br \/>\n<\/span><\/p>\n<p><strong>6.Octubre.2017.<\/strong>\u00a0Vienna. MuseumsQuartiere. 40Jahre Balance-Leben ohne Barrieren-\u00a0<a href=\"https:\/\/www.facebook.com\/pg\/theaterforinclusion\/photos\/?tab=album&amp;album_id=1730254517280864\" target=\"_blank\" rel=\"noopener\">FOTOS<\/a><\/p>\n<p class=\"p12\"><span class=\"s2\"><strong>20.Agosto.2018.<\/strong>\u00a0Navalafuente (Madrid). Szeno-Forum en la Plaza.<\/span><\/p>\n<p>&nbsp;<\/p>\n<p><strong>PR\u00d3XIMA ACCI\u00d3N!!!\u00a0<\/strong><span class=\"s2\"><strong>3.Diciembre.2018.<\/strong>\u00a0Alcorc\u00f3n (Madrid).<\/span><\/p>\n<p><span class=\"s2\">Universidad Rey Juan Carlos. Dia internacional de las personas con discapacidad. VEN y PARTICIPA!!<br \/>\n<\/span><\/p>\n<p>&nbsp;<\/p>\n<p>&nbsp;<\/p>\n<p class=\"p13\"><strong>\u00bfQUIERES COMPARTIR UN SZENO-FORUM CON TU COMUNIDAD ?<\/strong><\/p>\n<p class=\"p13\"><span class=\"s2\">Escr\u00edbenos un e-mail a\u00a0<a href=\"mailto:contact@theaterforinclusion.com\"><span class=\"s11\">contact@theaterforinclusion.com<\/span><\/a>\u00a0y con mucho gusto estamos en contacto contigo!!<\/span><\/p>\n<\/td>\n<td style=\"width: 100%;\">https:\/\/youtu.be\/fN0XZ2GxWrk<\/p>\n<p><iframe class=\"flickr-embed-frame\" style=\"overflow: hidden; padding: 0px; margin: 0px; width: 320px; height: 228px; max-width: 100%;\" width=\"320\" height=\"178\" frameborder=\"0\" allowfullscreen=\"allowfullscreen\" data-natural-width=\"320\" data-natural-height=\"178\" data-loaded=\"true\"><\/iframe><\/p>\n<p><img loading=\"lazy\" decoding=\"async\" class=\"aligncenter size-full wp-image-1461\" src=\"https:\/\/theaterforinclusion.org\/wp-content\/uploads\/2018\/11\/Cartel_Encajas.URJC_.dic18.jpg\" alt=\"\" width=\"392\" height=\"555\" title=\"\" srcset=\"https:\/\/theaterforinclusion.org\/wp-content\/uploads\/2018\/11\/Cartel_Encajas.URJC_.dic18.jpg 392w, https:\/\/theaterforinclusion.org\/wp-content\/uploads\/2018\/11\/Cartel_Encajas.URJC_.dic18-212x300.jpg 212w, https:\/\/theaterforinclusion.org\/wp-content\/uploads\/2018\/11\/Cartel_Encajas.URJC_.dic18-200x283.jpg 200w\" sizes=\"(max-width: 392px) 100vw, 392px\" \/><\/td>\n<\/tr>\n<\/tbody>\n<\/table>\n","protected":false},"excerpt":{"rendered":"<p>Excluded Voices \/\/ Voces excluidas \/\/ Ausgeschlossene Stimmen El proceso de Creaci\u00f3n Colectiva El grupo de teatro comunitario IMPRODUCTIVOS (Viena, Austria) participamos en 2016 en un proceso de creaci\u00f3n colectiva [&hellip;]<\/p>\n","protected":false},"author":2,"featured_media":0,"parent":0,"menu_order":0,"comment_status":"closed","ping_status":"closed","template":"","meta":{"_et_pb_use_builder":"off","_et_pb_old_content":"","_et_gb_content_width":"","footnotes":""},"class_list":["post-1515","page","type-page","status-publish","hentry"],"_links":{"self":[{"href":"https:\/\/theaterforinclusion.org\/es\/wp-json\/wp\/v2\/pages\/1515","targetHints":{"allow":["GET"]}}],"collection":[{"href":"https:\/\/theaterforinclusion.org\/es\/wp-json\/wp\/v2\/pages"}],"about":[{"href":"https:\/\/theaterforinclusion.org\/es\/wp-json\/wp\/v2\/types\/page"}],"author":[{"embeddable":true,"href":"https:\/\/theaterforinclusion.org\/es\/wp-json\/wp\/v2\/users\/2"}],"replies":[{"embeddable":true,"href":"https:\/\/theaterforinclusion.org\/es\/wp-json\/wp\/v2\/comments?post=1515"}],"version-history":[{"count":4,"href":"https:\/\/theaterforinclusion.org\/es\/wp-json\/wp\/v2\/pages\/1515\/revisions"}],"predecessor-version":[{"id":1520,"href":"https:\/\/theaterforinclusion.org\/es\/wp-json\/wp\/v2\/pages\/1515\/revisions\/1520"}],"wp:attachment":[{"href":"https:\/\/theaterforinclusion.org\/es\/wp-json\/wp\/v2\/media?parent=1515"}],"curies":[{"name":"wp","href":"https:\/\/api.w.org\/{rel}","templated":true}]}}