{"id":1511,"date":"2016-04-03T21:08:27","date_gmt":"2016-04-03T19:08:27","guid":{"rendered":"https:\/\/theaterforinclusion.com\/?page_id=1511"},"modified":"2022-05-05T17:39:48","modified_gmt":"2022-05-05T15:39:48","slug":"community-theater","status":"publish","type":"page","link":"https:\/\/theaterforinclusion.org\/es\/community-theater\/","title":{"rendered":"Community Theater"},"content":{"rendered":"<h1 style=\"text-align: center;\" data-fontsize=\"50\" data-lineheight=\"58\">El juego y el teatro: nuestras herramientas para tejer comunidad\u00a0y transformar nuestro entorno<\/h1>\n<h2 style=\"text-align: center;\" data-fontsize=\"40\" data-lineheight=\"48\">\u201cO teatro sou eu. O teatro somos n\u00f3s\u201d (A.Boal)<\/h2>\n<h1 style=\"text-align: center;\" data-fontsize=\"50\" data-lineheight=\"58\"><\/h1>\n<h1 style=\"text-align: center;\" data-fontsize=\"50\" data-lineheight=\"58\">POR QU\u00c9 EL TEATRO ES UNA HERRAMIENTA PARA EL CAMBIO SOCIAL<\/h1>\n<p>En general, el teatro en s\u00ed es una\u00a0<strong>herramienta de transformaci\u00f3n y liberaci\u00f3n personal<\/strong>. Adem\u00e1s, en Theater for Inclusion utilizamos el teatro como herramienta para la\u00a0<strong>transformaci\u00f3n y liberaci\u00f3n social<\/strong>.<\/p>\n<p>METODOLOG\u00cdA DE INTERVENCI\u00d3N<\/p>\n<p>En Theater for Inclusion apostamos por el JUEGO y el TEATRO como nuestras herramientas metodol\u00f3gicas para la transformaci\u00f3n personal y social.<\/p>\n<p>Nuestra base es la improvisaci\u00f3n teatral, ya que nos sit\u00faa dentro de un equipo: no est\u00e1s sola\/o -ecodependencia- y no puedes jugar sola\/o en improvisaci\u00f3n -interdependencia-. Gracias al juego y las reglas de la impro,\u00a0<strong>formamos parte de un equipo cohesionado e interdependiente<\/strong>:\u00a0aprendemos a escuchar(nos), aceptar(nos), proponer(nos), ser generosas\/os, no juzgar\u00a0y crear juntos una historia, con una mente colectiva.<\/p>\n<p><strong>Contamos nuestra historia<\/strong>, la que nos sale desde dentro a nosotr@s, y vamos\u00a0construy\u00e9ndola poco a poco, sin gui\u00f3n previo, gracias al proceso cooperativo.<\/p>\n<p>Adem\u00e1s, Theater for Inclusion tambi\u00e9n se nutre de la metodolog\u00eda del Teatro del Oprimido,\u00a0<strong>comprometi\u00e9ndonos \u00e9tica y pol\u00edticamente en nuestro entorno<\/strong>. Gracias a\u00a0los ejercicios y t\u00e9cnicas del T.O. aprendemos a visualizar nuestra realidad, reflexionar\u00a0en colectivo y generar alternativas para el cambio en nuestra comunidad\/localidad\/grupo\/ entorno.<\/p>\n<p>Nuestra actividad pedag\u00f3gica se concreta en talleres, seminarios, cursos regulares, facilitaci\u00f3n de procesos creativos, y presentaciones en formato Szeno-Forum (herramienta de investigaci\u00f3n-acci\u00f3n participativa).<\/p>\n<p>&nbsp;<\/p>\n<p>EL PROCESO DE LIBERACI\u00d3N PARTE DE UN@ MISM@: DEL YO AL NOSOTR@S<\/p>\n<p>A nivel personal, ponemos el foco en la toma de conciencia de nuestra propia vida, en el disfrute por descubrir y aprender, y en la re-conexi\u00f3n con los deseos y necesidades b\u00e1sicas, para liberarnos y permitirnos \u201c<i>SER<\/i>\u201d.<\/p>\n<p>A nivel social, la toma de conciencia pone el foco en las relaciones con otras personas de nuestro entorno, y c\u00f3mo podemos actuar para fomentar la cohesi\u00f3n social basada en la confianza y el apoyo mutuo, as\u00ed como la recuperaci\u00f3n de nuestra propia est\u00e9tica y expresi\u00f3n art\u00edstica, favoreciendo el desarrollo cultural comunitario (arte participativo).<\/p>\n<p>Compartimos nuestras historias, la historia colectiva, con la comunidad. El cambio se produce de forma directa en la escena, y gracias al di\u00e1logo e intercambio de perspectivas: la gente tiene la oportunidad de participar dentro de la escena y \u201cactuar\u201d su propia alternativa de cambio.<\/p>\n<p>Por \u00faltimo, nuestro equipo de investigaci\u00f3n recoge y documenta las experiencias, las alternativas y las dificultades expresadas por los participantes (especta-actores), y la propia obra, su dramaturgia y el foro-debate, se transforman de nuevo.<\/p>\n<p>Sigue leyendo\u2026\u00a0<a href=\"https:\/\/theaterforinclusion.org\/teatro-para-la-inclusion-social\/\">TEATRO COMUNITARIO: herramientas teatrales para la inclusi\u00f3n social<\/a><\/p>\n","protected":false},"excerpt":{"rendered":"<p>El juego y el teatro: nuestras herramientas para tejer comunidad\u00a0y transformar nuestro entorno \u201cO teatro sou eu. O teatro somos n\u00f3s\u201d (A.Boal) POR QU\u00c9 EL TEATRO ES UNA HERRAMIENTA PARA [&hellip;]<\/p>\n","protected":false},"author":3,"featured_media":0,"parent":0,"menu_order":0,"comment_status":"closed","ping_status":"closed","template":"","meta":{"_et_pb_use_builder":"","_et_pb_old_content":"","_et_gb_content_width":"","footnotes":""},"class_list":["post-1511","page","type-page","status-publish","hentry"],"_links":{"self":[{"href":"https:\/\/theaterforinclusion.org\/es\/wp-json\/wp\/v2\/pages\/1511","targetHints":{"allow":["GET"]}}],"collection":[{"href":"https:\/\/theaterforinclusion.org\/es\/wp-json\/wp\/v2\/pages"}],"about":[{"href":"https:\/\/theaterforinclusion.org\/es\/wp-json\/wp\/v2\/types\/page"}],"author":[{"embeddable":true,"href":"https:\/\/theaterforinclusion.org\/es\/wp-json\/wp\/v2\/users\/3"}],"replies":[{"embeddable":true,"href":"https:\/\/theaterforinclusion.org\/es\/wp-json\/wp\/v2\/comments?post=1511"}],"version-history":[{"count":2,"href":"https:\/\/theaterforinclusion.org\/es\/wp-json\/wp\/v2\/pages\/1511\/revisions"}],"predecessor-version":[{"id":1513,"href":"https:\/\/theaterforinclusion.org\/es\/wp-json\/wp\/v2\/pages\/1511\/revisions\/1513"}],"wp:attachment":[{"href":"https:\/\/theaterforinclusion.org\/es\/wp-json\/wp\/v2\/media?parent=1511"}],"curies":[{"name":"wp","href":"https:\/\/api.w.org\/{rel}","templated":true}]}}